{"id":13473,"date":"2025-03-24T10:59:13","date_gmt":"2025-03-24T10:59:13","guid":{"rendered":"https:\/\/www.tangerport.com\/plan-du-site\/"},"modified":"2025-04-18T17:19:39","modified_gmt":"2025-04-18T17:19:39","slug":"plan-du-site","status":"publish","type":"page","link":"https:\/\/www.tangerport.com\/fr\/plan-du-site\/","title":{"rendered":"plan du site"},"content":{"rendered":"\t\t<div data-elementor-type=\"wp-page\" data-elementor-id=\"13473\" class=\"elementor elementor-13473 elementor-12036\" data-elementor-post-type=\"page\">\n\t\t\t\t<div class=\"elementor-element elementor-element-fb8ffd4 e-con-full e-flex wpr-particle-no wpr-jarallax-no wpr-parallax-no wpr-sticky-section-no e-con e-parent\" data-id=\"fb8ffd4\" data-element_type=\"container\" data-settings=\"{&quot;background_background&quot;:&quot;classic&quot;}\">\n\t\t\t\t<div class=\"elementor-element elementor-element-7113efc elementor-widget__width-inherit elementor-widget-mobile__width-inherit elementor-widget-tablet__width-initial elementor-widget elementor-widget-text-editor\" data-id=\"7113efc\" data-element_type=\"widget\" data-widget_type=\"text-editor.default\">\n\t\t\t\t<div class=\"elementor-widget-container\">\n\t\t\t\t\t\t\t\t\t<p>Plan du site<\/p>\t\t\t\t\t\t\t\t<\/div>\n\t\t\t\t<\/div>\n\t\t\t\t<\/div>\n\t\t<div class=\"elementor-element elementor-element-73e940a e-con-full e-flex wpr-particle-no wpr-jarallax-no wpr-parallax-no wpr-sticky-section-no e-con e-parent\" data-id=\"73e940a\" data-element_type=\"container\" data-settings=\"{&quot;background_background&quot;:&quot;classic&quot;}\">\n\t\t\t\t<div class=\"elementor-element elementor-element-a94223e elementor-align-right elementor-widget elementor-widget-breadcrumbs\" data-id=\"a94223e\" data-element_type=\"widget\" data-widget_type=\"breadcrumbs.default\">\n\t\t\t\t<div class=\"elementor-widget-container\">\n\t\t\t\t\t<p id=\"breadcrumbs\"><span><span><a href=\"https:\/\/www.tangerport.com\/fr\/\">Accueil<\/a><\/span><\/span><\/p>\t\t\t\t<\/div>\n\t\t\t\t<\/div>\n\t\t\t\t<\/div>\n\t\t<div class=\"elementor-element elementor-element-409a8d5 e-con-full e-flex wpr-particle-no wpr-jarallax-no wpr-parallax-no wpr-sticky-section-no e-con e-parent\" data-id=\"409a8d5\" data-element_type=\"container\" data-settings=\"{&quot;background_background&quot;:&quot;classic&quot;}\">\n\t\t<div class=\"elementor-element elementor-element-e60366c e-flex e-con-boxed wpr-particle-no wpr-jarallax-no wpr-parallax-no wpr-sticky-section-no e-con e-child\" data-id=\"e60366c\" data-element_type=\"container\" data-settings=\"{&quot;background_background&quot;:&quot;classic&quot;}\">\n\t\t\t\t\t<div class=\"e-con-inner\">\n\t\t\t\t<div class=\"elementor-element elementor-element-fe4210d elementor-widget elementor-widget-heading\" data-id=\"fe4210d\" data-element_type=\"widget\" data-widget_type=\"heading.default\">\n\t\t\t\t<div class=\"elementor-widget-container\">\n\t\t\t\t\t<h2 class=\"elementor-heading-title elementor-size-default\">Plan du site<\/h2>\t\t\t\t<\/div>\n\t\t\t\t<\/div>\n\t\t\t\t<div class=\"elementor-element elementor-element-5a9ec72 elementor-widget elementor-widget-text-editor\" data-id=\"5a9ec72\" data-element_type=\"widget\" data-widget_type=\"text-editor.default\">\n\t\t\t\t<div class=\"elementor-widget-container\">\n\t\t\t\t\t\t\t\t\t<ul>\n \t<li><a href=\"https:\/\/www.tangerport.com\/fr\/\"><strong>Page d&rsquo;accueil<\/strong><\/a><\/li>\n \t<li><a href=\"https:\/\/www.tangerport.com\/fr\/port\/\"><strong>Port<\/strong><\/a><\/li>\n \t<li><a href=\"https:\/\/www.tangerport.com\/fr\/activites-principales\/\"><strong>Activit\u00e9s principales<\/strong><\/a>\n<ul>\n \t<li><a href=\"https:\/\/www.tangerport.com\/fr\/marina\/\">Marina<\/a><\/li>\n \t<li><a href=\"https:\/\/www.tangerport.com\/fr\/ferry\/\">Ferry<\/a><\/li>\n \t<li><a href=\"https:\/\/www.tangerport.com\/fr\/croisiere\/\">Croisi\u00e8re<\/a><\/li>\n<\/ul>\n<\/li>\n \t<li><a href=\"https:\/\/www.tangerport.com\/fr\/la-durabilite\/\"><strong>Durabilit\u00e9<\/strong><\/a><\/li>\n \t<li><a href=\"https:\/\/www.tangerport.com\/fr\/tourisme\/\"><strong>Tourisme<\/strong><\/a>\n<ul>\n \t<li><strong><a href=\"https:\/\/www.tangerport.com\/fr\/sites-historiques\/\">Tanger<\/a><\/strong>\n<ul>\n \t<li><a href=\"https:\/\/www.tangerport.com\/fr\/borj-en-naam\/\">BORJ EN-NAAM<\/a><\/li>\n \t<li><a href=\"https:\/\/www.tangerport.com\/fr\/borj-dar-el-baroud\/\">Borj Dar El Baroud<\/a><\/li>\n \t<li><a href=\"https:\/\/www.tangerport.com\/fr\/le-centre-portuaire\/\">Bab Diwana<\/a><\/li>\n \t<li><a href=\"https:\/\/www.tangerport.com\/fr\/le-musee-de-la-legation-americaine\/\">Le mus\u00e9e de la l\u00e9gation am\u00e9ricaine<\/a><\/li>\n \t<li><a href=\"https:\/\/www.tangerport.com\/fr\/parc-perdicaris\/\">Le parc Perdicaris<\/a><\/li>\n \t<li><a href=\"https:\/\/www.tangerport.com\/fr\/les-grottes-dhercule\/\">Les grottes d&rsquo;Hercule<\/a><\/li>\n \t<li><a href=\"https:\/\/www.tangerport.com\/fr\/cap-spartel\/\">Cap Spartel<\/a><\/li>\n \t<li><a href=\"https:\/\/www.tangerport.com\/fr\/ancienne-medina\/\">L&rsquo;ancienne m\u00e9dina<\/a><\/li>\n \t<li><a href=\"https:\/\/www.tangerport.com\/fr\/kasbah\/\">La Kasbah<\/a><\/li>\n<\/ul>\n<\/li>\n \t<li><strong><a href=\"https:\/\/www.tangerport.com\/fr\/region-de-tanger\/\">R\u00e9gion de Tanger<\/a><\/strong>\n<ul>\n \t<li><a href=\"https:\/\/www.tangerport.com\/fr\/region-de-tanger\/tetouan\/\">T\u00e9touan<\/a><\/li>\n \t<li><a href=\"https:\/\/www.tangerport.com\/fr\/region-de-tanger\/assilah\/\">Assilah<\/a><\/li>\n \t<li><a href=\"https:\/\/www.tangerport.com\/fr\/region-de-tanger\/chefchaouen\/\">Chefchaouen<\/a><\/li>\n<\/ul>\n<\/li>\n<\/ul>\n<\/li>\n \t<li><strong><a href=\"https:\/\/www.tangerport.com\/fr\/evenements\/\">Ev\u00e9nements<\/a><\/strong><\/li>\n \t<li><strong><a href=\"https:\/\/www.tangerport.com\/fr\/contact\/\">Contact<\/a><\/strong><\/li>\n \t<li><a href=\"https:\/\/www.tangerport.com\/fr\/galerie\/\"><strong>Galerie<\/strong><\/a><\/li>\n<\/ul>\t\t\t\t\t\t\t\t<\/div>\n\t\t\t\t<\/div>\n\t\t\t\t\t<\/div>\n\t\t\t\t<\/div>\n\t\t\t\t<\/div>\n\t\t\t\t<\/div>\n\t\t","protected":false},"excerpt":{"rendered":"<p>Plan du site Plan du site Page d&rsquo;accueil Port Activit\u00e9s principales Marina Ferry Croisi\u00e8re Durabilit\u00e9 Tourisme Tanger BORJ EN-NAAM Borj Dar El Baroud Bab Diwana Le mus\u00e9e de la l\u00e9gation am\u00e9ricaine Le parc Perdicaris Les grottes d&rsquo;Hercule Cap Spartel L&rsquo;ancienne m\u00e9dina La Kasbah R\u00e9gion de Tanger T\u00e9touan Assilah Chefchaouen Ev\u00e9nements Contact Galerie<\/p>\n","protected":false},"author":1,"featured_media":0,"parent":0,"menu_order":0,"comment_status":"closed","ping_status":"closed","template":"page-full-width.php","meta":{"footnotes":""},"class_list":["post-13473","page","type-page","status-publish","hentry"],"yoast_head":"<!-- This site is optimized with the Yoast SEO plugin v25.5 - https:\/\/yoast.com\/wordpress\/plugins\/seo\/ -->\n<title>plan du site - Port tanger ville<\/title>\n<meta name=\"robots\" content=\"index, follow, max-snippet:-1, max-image-preview:large, max-video-preview:-1\" \/>\n<link rel=\"canonical\" href=\"https:\/\/www.tangerport.com\/fr\/plan-du-site\/\" \/>\n<meta property=\"og:locale\" content=\"fr_FR\" \/>\n<meta property=\"og:type\" content=\"article\" \/>\n<meta property=\"og:title\" content=\"plan du site - Port tanger ville\" \/>\n<meta property=\"og:description\" content=\"Plan du site Plan du site Page d&rsquo;accueil Port Activit\u00e9s principales Marina Ferry Croisi\u00e8re Durabilit\u00e9 Tourisme Tanger BORJ EN-NAAM Borj Dar El Baroud Bab Diwana Le mus\u00e9e de la l\u00e9gation am\u00e9ricaine Le parc Perdicaris Les grottes d&rsquo;Hercule Cap Spartel L&rsquo;ancienne m\u00e9dina La Kasbah R\u00e9gion de Tanger T\u00e9touan Assilah Chefchaouen Ev\u00e9nements Contact Galerie\" \/>\n<meta property=\"og:url\" content=\"https:\/\/www.tangerport.com\/fr\/plan-du-site\/\" \/>\n<meta property=\"og:site_name\" content=\"Port tanger ville\" \/>\n<meta property=\"article:modified_time\" content=\"2025-04-18T17:19:39+00:00\" \/>\n<meta name=\"twitter:card\" content=\"summary_large_image\" \/>\n<meta name=\"twitter:label1\" content=\"Dur\u00e9e de lecture estim\u00e9e\" \/>\n\t<meta name=\"twitter:data1\" content=\"1 minute\" \/>\n<script type=\"application\/ld+json\" class=\"yoast-schema-graph\">{\"@context\":\"https:\/\/schema.org\",\"@graph\":[{\"@type\":\"WebPage\",\"@id\":\"https:\/\/www.tangerport.com\/fr\/plan-du-site\/\",\"url\":\"https:\/\/www.tangerport.com\/fr\/plan-du-site\/\",\"name\":\"plan du site - Port tanger ville\",\"isPartOf\":{\"@id\":\"https:\/\/www.tangerport.com\/fr\/#website\"},\"datePublished\":\"2025-03-24T10:59:13+00:00\",\"dateModified\":\"2025-04-18T17:19:39+00:00\",\"breadcrumb\":{\"@id\":\"https:\/\/www.tangerport.com\/fr\/plan-du-site\/#breadcrumb\"},\"inLanguage\":\"fr-FR\",\"potentialAction\":[{\"@type\":\"ReadAction\",\"target\":[\"https:\/\/www.tangerport.com\/fr\/plan-du-site\/\"]}]},{\"@type\":\"BreadcrumbList\",\"@id\":\"https:\/\/www.tangerport.com\/fr\/plan-du-site\/#breadcrumb\",\"itemListElement\":[{\"@type\":\"ListItem\",\"position\":1,\"name\":\"Accueil\",\"item\":\"https:\/\/www.tangerport.com\/fr\/\"},{\"@type\":\"ListItem\",\"position\":2,\"name\":\"plan du site\"}]},{\"@type\":\"WebSite\",\"@id\":\"https:\/\/www.tangerport.com\/fr\/#website\",\"url\":\"https:\/\/www.tangerport.com\/fr\/\",\"name\":\"Port tanger ville\",\"description\":\"\",\"publisher\":{\"@id\":\"https:\/\/www.tangerport.com\/fr\/#organization\"},\"potentialAction\":[{\"@type\":\"SearchAction\",\"target\":{\"@type\":\"EntryPoint\",\"urlTemplate\":\"https:\/\/www.tangerport.com\/fr\/?s={search_term_string}\"},\"query-input\":{\"@type\":\"PropertyValueSpecification\",\"valueRequired\":true,\"valueName\":\"search_term_string\"}}],\"inLanguage\":\"fr-FR\"},{\"@type\":\"Organization\",\"@id\":\"https:\/\/www.tangerport.com\/fr\/#organization\",\"name\":\"Port tanger ville\",\"url\":\"https:\/\/www.tangerport.com\/fr\/\",\"logo\":{\"@type\":\"ImageObject\",\"inLanguage\":\"fr-FR\",\"@id\":\"https:\/\/www.tangerport.com\/fr\/#\/schema\/logo\/image\/\",\"url\":\"https:\/\/www.tangerport.com\/wp-content\/uploads\/2024\/11\/LOGO-PDV-MANAGEMENT.png\",\"contentUrl\":\"https:\/\/www.tangerport.com\/wp-content\/uploads\/2024\/11\/LOGO-PDV-MANAGEMENT.png\",\"width\":1265,\"height\":628,\"caption\":\"Port tanger ville\"},\"image\":{\"@id\":\"https:\/\/www.tangerport.com\/fr\/#\/schema\/logo\/image\/\"}}]}<\/script>\n<!-- \/ Yoast SEO plugin. -->","yoast_head_json":{"title":"plan du site - Port tanger ville","robots":{"index":"index","follow":"follow","max-snippet":"max-snippet:-1","max-image-preview":"max-image-preview:large","max-video-preview":"max-video-preview:-1"},"canonical":"https:\/\/www.tangerport.com\/fr\/plan-du-site\/","og_locale":"fr_FR","og_type":"article","og_title":"plan du site - Port tanger ville","og_description":"Plan du site Plan du site Page d&rsquo;accueil Port Activit\u00e9s principales Marina Ferry Croisi\u00e8re Durabilit\u00e9 Tourisme Tanger BORJ EN-NAAM Borj Dar El Baroud Bab Diwana Le mus\u00e9e de la l\u00e9gation am\u00e9ricaine Le parc Perdicaris Les grottes d&rsquo;Hercule Cap Spartel L&rsquo;ancienne m\u00e9dina La Kasbah R\u00e9gion de Tanger T\u00e9touan Assilah Chefchaouen Ev\u00e9nements Contact Galerie","og_url":"https:\/\/www.tangerport.com\/fr\/plan-du-site\/","og_site_name":"Port tanger ville","article_modified_time":"2025-04-18T17:19:39+00:00","twitter_card":"summary_large_image","twitter_misc":{"Dur\u00e9e de lecture estim\u00e9e":"1 minute"},"schema":{"@context":"https:\/\/schema.org","@graph":[{"@type":"WebPage","@id":"https:\/\/www.tangerport.com\/fr\/plan-du-site\/","url":"https:\/\/www.tangerport.com\/fr\/plan-du-site\/","name":"plan du site - Port tanger ville","isPartOf":{"@id":"https:\/\/www.tangerport.com\/fr\/#website"},"datePublished":"2025-03-24T10:59:13+00:00","dateModified":"2025-04-18T17:19:39+00:00","breadcrumb":{"@id":"https:\/\/www.tangerport.com\/fr\/plan-du-site\/#breadcrumb"},"inLanguage":"fr-FR","potentialAction":[{"@type":"ReadAction","target":["https:\/\/www.tangerport.com\/fr\/plan-du-site\/"]}]},{"@type":"BreadcrumbList","@id":"https:\/\/www.tangerport.com\/fr\/plan-du-site\/#breadcrumb","itemListElement":[{"@type":"ListItem","position":1,"name":"Accueil","item":"https:\/\/www.tangerport.com\/fr\/"},{"@type":"ListItem","position":2,"name":"plan du site"}]},{"@type":"WebSite","@id":"https:\/\/www.tangerport.com\/fr\/#website","url":"https:\/\/www.tangerport.com\/fr\/","name":"Port tanger ville","description":"","publisher":{"@id":"https:\/\/www.tangerport.com\/fr\/#organization"},"potentialAction":[{"@type":"SearchAction","target":{"@type":"EntryPoint","urlTemplate":"https:\/\/www.tangerport.com\/fr\/?s={search_term_string}"},"query-input":{"@type":"PropertyValueSpecification","valueRequired":true,"valueName":"search_term_string"}}],"inLanguage":"fr-FR"},{"@type":"Organization","@id":"https:\/\/www.tangerport.com\/fr\/#organization","name":"Port tanger ville","url":"https:\/\/www.tangerport.com\/fr\/","logo":{"@type":"ImageObject","inLanguage":"fr-FR","@id":"https:\/\/www.tangerport.com\/fr\/#\/schema\/logo\/image\/","url":"https:\/\/www.tangerport.com\/wp-content\/uploads\/2024\/11\/LOGO-PDV-MANAGEMENT.png","contentUrl":"https:\/\/www.tangerport.com\/wp-content\/uploads\/2024\/11\/LOGO-PDV-MANAGEMENT.png","width":1265,"height":628,"caption":"Port tanger ville"},"image":{"@id":"https:\/\/www.tangerport.com\/fr\/#\/schema\/logo\/image\/"}}]}},"_links":{"self":[{"href":"https:\/\/www.tangerport.com\/fr\/wp-json\/wp\/v2\/pages\/13473","targetHints":{"allow":["GET"]}}],"collection":[{"href":"https:\/\/www.tangerport.com\/fr\/wp-json\/wp\/v2\/pages"}],"about":[{"href":"https:\/\/www.tangerport.com\/fr\/wp-json\/wp\/v2\/types\/page"}],"author":[{"embeddable":true,"href":"https:\/\/www.tangerport.com\/fr\/wp-json\/wp\/v2\/users\/1"}],"replies":[{"embeddable":true,"href":"https:\/\/www.tangerport.com\/fr\/wp-json\/wp\/v2\/comments?post=13473"}],"version-history":[{"count":25,"href":"https:\/\/www.tangerport.com\/fr\/wp-json\/wp\/v2\/pages\/13473\/revisions"}],"predecessor-version":[{"id":15393,"href":"https:\/\/www.tangerport.com\/fr\/wp-json\/wp\/v2\/pages\/13473\/revisions\/15393"}],"wp:attachment":[{"href":"https:\/\/www.tangerport.com\/fr\/wp-json\/wp\/v2\/media?parent=13473"}],"curies":[{"name":"wp","href":"https:\/\/api.w.org\/{rel}","templated":true}]}}