{"id":13569,"date":"2024-11-26T18:31:19","date_gmt":"2024-11-26T18:31:19","guid":{"rendered":"https:\/\/www.tangerport.com\/vieux-ferry\/"},"modified":"2025-04-03T15:45:08","modified_gmt":"2025-04-03T15:45:08","slug":"vieux-ferry","status":"publish","type":"page","link":"https:\/\/www.tangerport.com\/fr\/vieux-ferry\/","title":{"rendered":"vieux ferry"},"content":{"rendered":"\t\t<div data-elementor-type=\"wp-page\" data-elementor-id=\"13569\" class=\"elementor elementor-13569 elementor-13574\" data-elementor-post-type=\"page\">\n\t\t\t\t<div class=\"elementor-element elementor-element-fb8ffd4 e-con-full fil e-flex wpr-particle-no wpr-jarallax-no wpr-parallax-no wpr-sticky-section-no e-con e-parent\" data-id=\"fb8ffd4\" data-element_type=\"container\" data-settings=\"{&quot;background_background&quot;:&quot;classic&quot;}\">\n\t\t\t\t<div class=\"elementor-element elementor-element-7113efc elementor-widget__width-inherit elementor-widget-mobile__width-inherit elementor-widget-tablet__width-initial elementor-widget elementor-widget-text-editor\" data-id=\"7113efc\" data-element_type=\"widget\" data-widget_type=\"text-editor.default\">\n\t\t\t\t<div class=\"elementor-widget-container\">\n\t\t\t\t\t\t\t\t\t<p>D\u00e9couvrez Tanger :<\/p>\t\t\t\t\t\t\t\t<\/div>\n\t\t\t\t<\/div>\n\t\t\t\t<div class=\"elementor-element elementor-element-b7fd367 elementor-widget__width-inherit elementor-widget-mobile__width-inherit elementor-widget-tablet__width-initial elementor-widget elementor-widget-text-editor\" data-id=\"b7fd367\" data-element_type=\"widget\" data-widget_type=\"text-editor.default\">\n\t\t\t\t<div class=\"elementor-widget-container\">\n\t\t\t\t\t\t\t\t\t<p>L\u00e0 o\u00f9 l&rsquo;histoire rencontre la mer<\/p>\t\t\t\t\t\t\t\t<\/div>\n\t\t\t\t<\/div>\n\t\t\t\t<\/div>\n\t\t<div class=\"elementor-element elementor-element-103949d e-con-full e-flex wpr-particle-no wpr-jarallax-no wpr-parallax-no wpr-sticky-section-no e-con e-parent\" data-id=\"103949d\" data-element_type=\"container\" data-settings=\"{&quot;background_background&quot;:&quot;classic&quot;}\">\n\t\t\t\t<div class=\"elementor-element elementor-element-6f7c271 elementor-align-right elementor-widget elementor-widget-breadcrumbs\" data-id=\"6f7c271\" data-element_type=\"widget\" data-widget_type=\"breadcrumbs.default\">\n\t\t\t\t<div class=\"elementor-widget-container\">\n\t\t\t\t\t<p id=\"breadcrumbs\"><span><span><a href=\"https:\/\/www.tangerport.com\/fr\/\">Accueil<\/a><\/span><\/span><\/p>\t\t\t\t<\/div>\n\t\t\t\t<\/div>\n\t\t\t\t<\/div>\n\t\t<div class=\"elementor-element elementor-element-409a8d5 e-con-full e-flex wpr-particle-no wpr-jarallax-no wpr-parallax-no wpr-sticky-section-no e-con e-parent\" data-id=\"409a8d5\" data-element_type=\"container\" data-settings=\"{&quot;background_background&quot;:&quot;classic&quot;}\">\n\t\t<div class=\"elementor-element elementor-element-e60366c e-flex e-con-boxed wpr-particle-no wpr-jarallax-no wpr-parallax-no wpr-sticky-section-no e-con e-child\" data-id=\"e60366c\" data-element_type=\"container\" data-settings=\"{&quot;background_background&quot;:&quot;classic&quot;}\">\n\t\t\t\t\t<div class=\"e-con-inner\">\n\t\t\t\t<div class=\"elementor-element elementor-element-d1eb2ce elementor-widget elementor-widget-heading\" data-id=\"d1eb2ce\" data-element_type=\"widget\" data-widget_type=\"heading.default\">\n\t\t\t\t<div class=\"elementor-widget-container\">\n\t\t\t\t\t<h2 class=\"elementor-heading-title elementor-size-default\">Pr\u00e9sentation<\/h2>\t\t\t\t<\/div>\n\t\t\t\t<\/div>\n\t\t\t\t<div class=\"elementor-element elementor-element-26041a2 elementor-widget elementor-widget-text-editor\" data-id=\"26041a2\" data-element_type=\"widget\" data-widget_type=\"text-editor.default\">\n\t\t\t\t<div class=\"elementor-widget-container\">\n\t\t\t\t\t\t\t\t\t<p>La modernisation de la gare maritime a permis d&rsquo;am\u00e9liorer les conditions d&rsquo;accueil et de s\u00e9curit\u00e9 des passagers visitant le Maroc. Situ\u00e9 au c\u0153ur de la ville de Tanger, le port de Tanger ville est reconnu pour ses connexions avec les principaux ports europ\u00e9ens. Sa position strat\u00e9gique est id\u00e9ale pour l&rsquo;arriv\u00e9e au Maroc et pour les excursions dans la r\u00e9gion de Tanger.  <\/p>\t\t\t\t\t\t\t\t<\/div>\n\t\t\t\t<\/div>\n\t\t\t\t<div class=\"elementor-element elementor-element-4e451d7 elementor-widget elementor-widget-image\" data-id=\"4e451d7\" data-element_type=\"widget\" data-widget_type=\"image.default\">\n\t\t\t\t<div class=\"elementor-widget-container\">\n\t\t\t\t\t\t\t\t\t\t\t\t\t\t\t<img fetchpriority=\"high\" decoding=\"async\" width=\"1024\" height=\"591\" src=\"https:\/\/www.tangerport.com\/wp-content\/uploads\/2024\/11\/d-1024x591.png\" class=\"attachment-large size-large wp-image-12529\" alt=\"\" srcset=\"https:\/\/www.tangerport.com\/wp-content\/uploads\/2024\/11\/d-1024x591.png 1024w, https:\/\/www.tangerport.com\/wp-content\/uploads\/2024\/11\/d-300x173.png 300w, https:\/\/www.tangerport.com\/wp-content\/uploads\/2024\/11\/d-768x443.png 768w, https:\/\/www.tangerport.com\/wp-content\/uploads\/2024\/11\/d.png 1492w\" sizes=\"(max-width: 1024px) 100vw, 1024px\" \/>\t\t\t\t\t\t\t\t\t\t\t\t\t\t\t<\/div>\n\t\t\t\t<\/div>\n\t\t\t\t\t<\/div>\n\t\t\t\t<\/div>\n\t\t\t\t<\/div>\n\t\t<div class=\"elementor-element elementor-element-cb983e7 e-con-full e-flex wpr-particle-no wpr-jarallax-no wpr-parallax-no wpr-sticky-section-no e-con e-parent\" data-id=\"cb983e7\" data-element_type=\"container\">\n\t\t<div class=\"elementor-element elementor-element-d7a74f4 e-con-full e-flex wpr-particle-no wpr-jarallax-no wpr-parallax-no wpr-sticky-section-no e-con e-child\" data-id=\"d7a74f4\" data-element_type=\"container\">\n\t\t\t\t<div class=\"elementor-element elementor-element-3175805 elementor-widget elementor-widget-heading\" data-id=\"3175805\" data-element_type=\"widget\" data-widget_type=\"heading.default\">\n\t\t\t\t<div class=\"elementor-widget-container\">\n\t\t\t\t\t<h3 class=\"elementor-heading-title elementor-size-default\">Caract\u00e9ristiques des postes d'amarrage des ferries au port de la ville de Tanger<\/h3>\t\t\t\t<\/div>\n\t\t\t\t<\/div>\n\t\t\t\t<div class=\"elementor-element elementor-element-d319550 elementor-widget elementor-widget-image\" data-id=\"d319550\" data-element_type=\"widget\" data-widget_type=\"image.default\">\n\t\t\t\t<div class=\"elementor-widget-container\">\n\t\t\t\t\t\t\t\t\t\t\t\t\t\t\t<img decoding=\"async\" width=\"1600\" height=\"519\" src=\"https:\/\/www.tangerport.com\/wp-content\/uploads\/2024\/11\/tableau.png\" class=\"attachment-full size-full wp-image-12653\" alt=\"\" srcset=\"https:\/\/www.tangerport.com\/wp-content\/uploads\/2024\/11\/tableau.png 1600w, https:\/\/www.tangerport.com\/wp-content\/uploads\/2024\/11\/tableau-300x97.png 300w, https:\/\/www.tangerport.com\/wp-content\/uploads\/2024\/11\/tableau-1024x332.png 1024w, https:\/\/www.tangerport.com\/wp-content\/uploads\/2024\/11\/tableau-768x249.png 768w, https:\/\/www.tangerport.com\/wp-content\/uploads\/2024\/11\/tableau-1536x498.png 1536w\" sizes=\"(max-width: 1600px) 100vw, 1600px\" \/>\t\t\t\t\t\t\t\t\t\t\t\t\t\t\t<\/div>\n\t\t\t\t<\/div>\n\t\t\t\t<\/div>\n\t\t\t\t<\/div>\n\t\t<div class=\"elementor-element elementor-element-2bb0b46 e-con-full e-flex wpr-particle-no wpr-jarallax-no wpr-parallax-no wpr-sticky-section-no e-con e-parent\" data-id=\"2bb0b46\" data-element_type=\"container\" data-settings=\"{&quot;background_background&quot;:&quot;classic&quot;}\">\n\t\t<div class=\"elementor-element elementor-element-6d4566d e-flex e-con-boxed wpr-particle-no wpr-jarallax-no wpr-parallax-no wpr-sticky-section-no e-con e-child\" data-id=\"6d4566d\" data-element_type=\"container\">\n\t\t\t\t\t<div class=\"e-con-inner\">\n\t\t<div class=\"elementor-element elementor-element-f3fe356 e-grid e-con-full wpr-particle-no wpr-jarallax-no wpr-parallax-no wpr-sticky-section-no e-con e-child\" data-id=\"f3fe356\" data-element_type=\"container\">\n\t\t<div class=\"elementor-element elementor-element-b5cfd65 e-con-full e-flex wpr-particle-no wpr-jarallax-no wpr-parallax-no wpr-sticky-section-no e-con e-child\" data-id=\"b5cfd65\" data-element_type=\"container\">\n\t\t\t\t<div class=\"elementor-element elementor-element-822c7e7 elementor-widget elementor-widget-spacer\" data-id=\"822c7e7\" data-element_type=\"widget\" data-widget_type=\"spacer.default\">\n\t\t\t\t<div class=\"elementor-widget-container\">\n\t\t\t\t\t\t\t<div class=\"elementor-spacer\">\n\t\t\t<div class=\"elementor-spacer-inner\"><\/div>\n\t\t<\/div>\n\t\t\t\t\t\t<\/div>\n\t\t\t\t<\/div>\n\t\t\t\t<div class=\"elementor-element elementor-element-1570b6a elementor-widget elementor-widget-heading\" data-id=\"1570b6a\" data-element_type=\"widget\" data-widget_type=\"heading.default\">\n\t\t\t\t<div class=\"elementor-widget-container\">\n\t\t\t\t\t<h3 class=\"elementor-heading-title elementor-size-default\">Pour plus d'informations, veuillez nous contacter via notre formulaire ou nous joindre par t\u00e9l\u00e9phone.<\/h3>\t\t\t\t<\/div>\n\t\t\t\t<\/div>\n\t\t\t\t<div class=\"elementor-element elementor-element-3b4045b elementor-widget elementor-widget-qi_addons_for_elementor_button\" data-id=\"3b4045b\" data-element_type=\"widget\" data-widget_type=\"qi_addons_for_elementor_button.default\">\n\t\t\t\t<div class=\"elementor-widget-container\">\n\t\t\t\t\t<a class=\"qodef-shortcode qodef-m qodef-qi-button qodef-html--link qodef-layout--filled qodef-type--standard qodef-icon--right qodef-hover--icon-move-horizontal-short\" href=\"https:\/\/www.tangerport.com\/contact-page\/\" target=\"_self\">\n\t<span class=\"qodef-m-text\">En savoir plus<\/span>\n\t\t<span class=\"qodef-m-icon\">\n\t\t<span class=\"qodef-m-icon-inner\">\n\t\t\t<svg aria-hidden=\"true\" class=\"e-font-icon-svg e-fas-long-arrow-alt-right\" viewBox=\"0 0 448 512\" xmlns=\"http:\/\/www.w3.org\/2000\/svg\"><path d=\"M313.941 216H12c-6.627 0-12 5.373-12 12v56c0 6.627 5.373 12 12 12h301.941v46.059c0 21.382 25.851 32.09 40.971 16.971l86.059-86.059c9.373-9.373 9.373-24.569 0-33.941l-86.059-86.059c-15.119-15.119-40.971-4.411-40.971 16.971V216z\"><\/path><\/svg>\t\t\t\t\t<\/span>\n\t<\/span>\n<\/a>\n\t\t\t\t<\/div>\n\t\t\t\t<\/div>\n\t\t\t\t<\/div>\n\t\t<div class=\"elementor-element elementor-element-d8f2f0f e-con-full e-flex wpr-particle-no wpr-jarallax-no wpr-parallax-no wpr-sticky-section-no e-con e-child\" data-id=\"d8f2f0f\" data-element_type=\"container\">\n\t\t\t\t<div class=\"elementor-element elementor-element-ce4ca00 elementor-widget elementor-widget-image\" data-id=\"ce4ca00\" data-element_type=\"widget\" data-widget_type=\"image.default\">\n\t\t\t\t<div class=\"elementor-widget-container\">\n\t\t\t\t\t\t\t\t\t\t\t\t\t\t\t<img decoding=\"async\" width=\"698\" height=\"491\" src=\"https:\/\/www.tangerport.com\/wp-content\/uploads\/2024\/11\/ferry-2.png\" class=\"attachment-large size-large wp-image-12535\" alt=\"\" srcset=\"https:\/\/www.tangerport.com\/wp-content\/uploads\/2024\/11\/ferry-2.png 698w, https:\/\/www.tangerport.com\/wp-content\/uploads\/2024\/11\/ferry-2-300x211.png 300w\" sizes=\"(max-width: 698px) 100vw, 698px\" \/>\t\t\t\t\t\t\t\t\t\t\t\t\t\t\t<\/div>\n\t\t\t\t<\/div>\n\t\t\t\t<\/div>\n\t\t\t\t<\/div>\n\t\t\t\t\t<\/div>\n\t\t\t\t<\/div>\n\t\t\t\t<\/div>\n\t\t\t\t<\/div>\n\t\t","protected":false},"excerpt":{"rendered":"<p>D\u00e9couvrez Tanger : L\u00e0 o\u00f9 l&rsquo;histoire rencontre la mer Pr\u00e9sentation La modernisation de la gare maritime a permis d&rsquo;am\u00e9liorer les conditions d&rsquo;accueil et de s\u00e9curit\u00e9 des passagers visitant le Maroc. Situ\u00e9 au c\u0153ur de la ville de Tanger, le port de Tanger ville est reconnu pour ses connexions avec les principaux ports europ\u00e9ens. Sa position strat\u00e9gique est id\u00e9ale pour l&rsquo;arriv\u00e9e au Maroc et pour les excursions dans la r\u00e9gion de Tanger. Caract\u00e9ristiques des postes d&rsquo;amarrage des ferries au port de la ville de Tanger Pour plus d&rsquo;informations, veuillez nous contacter via notre formulaire ou nous joindre par t\u00e9l\u00e9phone. En savoir plus<\/p>\n","protected":false},"author":1,"featured_media":0,"parent":0,"menu_order":0,"comment_status":"closed","ping_status":"closed","template":"page-full-width.php","meta":{"footnotes":""},"class_list":["post-13569","page","type-page","status-publish","hentry"],"yoast_head":"<!-- This site is optimized with the Yoast SEO plugin v25.5 - https:\/\/yoast.com\/wordpress\/plugins\/seo\/ -->\n<title>vieux ferry - Port tanger ville<\/title>\n<meta name=\"robots\" content=\"index, follow, max-snippet:-1, max-image-preview:large, max-video-preview:-1\" \/>\n<link rel=\"canonical\" href=\"https:\/\/www.tangerport.com\/fr\/vieux-ferry\/\" \/>\n<meta property=\"og:locale\" content=\"fr_FR\" \/>\n<meta property=\"og:type\" content=\"article\" \/>\n<meta property=\"og:title\" content=\"vieux ferry - Port tanger ville\" \/>\n<meta property=\"og:description\" content=\"D\u00e9couvrez Tanger : L\u00e0 o\u00f9 l&rsquo;histoire rencontre la mer Pr\u00e9sentation La modernisation de la gare maritime a permis d&rsquo;am\u00e9liorer les conditions d&rsquo;accueil et de s\u00e9curit\u00e9 des passagers visitant le Maroc. Situ\u00e9 au c\u0153ur de la ville de Tanger, le port de Tanger ville est reconnu pour ses connexions avec les principaux ports europ\u00e9ens. Sa position strat\u00e9gique est id\u00e9ale pour l&rsquo;arriv\u00e9e au Maroc et pour les excursions dans la r\u00e9gion de Tanger. Caract\u00e9ristiques des postes d&rsquo;amarrage des ferries au port de la ville de Tanger Pour plus d&rsquo;informations, veuillez nous contacter via notre formulaire ou nous joindre par t\u00e9l\u00e9phone. En savoir plus\" \/>\n<meta property=\"og:url\" content=\"https:\/\/www.tangerport.com\/fr\/vieux-ferry\/\" \/>\n<meta property=\"og:site_name\" content=\"Port tanger ville\" \/>\n<meta property=\"article:modified_time\" content=\"2025-04-03T15:45:08+00:00\" \/>\n<meta property=\"og:image\" content=\"https:\/\/www.tangerport.com\/wp-content\/uploads\/2024\/11\/d-1024x591.png\" \/>\n\t<meta property=\"og:image:width\" content=\"1024\" \/>\n\t<meta property=\"og:image:height\" content=\"591\" \/>\n\t<meta property=\"og:image:type\" content=\"image\/png\" \/>\n<meta name=\"twitter:card\" content=\"summary_large_image\" \/>\n<meta name=\"twitter:label1\" content=\"Dur\u00e9e de lecture estim\u00e9e\" \/>\n\t<meta name=\"twitter:data1\" content=\"1 minute\" \/>\n<script type=\"application\/ld+json\" class=\"yoast-schema-graph\">{\"@context\":\"https:\/\/schema.org\",\"@graph\":[{\"@type\":\"WebPage\",\"@id\":\"https:\/\/www.tangerport.com\/fr\/vieux-ferry\/\",\"url\":\"https:\/\/www.tangerport.com\/fr\/vieux-ferry\/\",\"name\":\"vieux ferry - Port tanger ville\",\"isPartOf\":{\"@id\":\"https:\/\/www.tangerport.com\/fr\/#website\"},\"primaryImageOfPage\":{\"@id\":\"https:\/\/www.tangerport.com\/fr\/vieux-ferry\/#primaryimage\"},\"image\":{\"@id\":\"https:\/\/www.tangerport.com\/fr\/vieux-ferry\/#primaryimage\"},\"thumbnailUrl\":\"https:\/\/www.tangerport.com\/wp-content\/uploads\/2024\/11\/d-1024x591.png\",\"datePublished\":\"2024-11-26T18:31:19+00:00\",\"dateModified\":\"2025-04-03T15:45:08+00:00\",\"breadcrumb\":{\"@id\":\"https:\/\/www.tangerport.com\/fr\/vieux-ferry\/#breadcrumb\"},\"inLanguage\":\"fr-FR\",\"potentialAction\":[{\"@type\":\"ReadAction\",\"target\":[\"https:\/\/www.tangerport.com\/fr\/vieux-ferry\/\"]}]},{\"@type\":\"ImageObject\",\"inLanguage\":\"fr-FR\",\"@id\":\"https:\/\/www.tangerport.com\/fr\/vieux-ferry\/#primaryimage\",\"url\":\"https:\/\/www.tangerport.com\/wp-content\/uploads\/2024\/11\/d-1024x591.png\",\"contentUrl\":\"https:\/\/www.tangerport.com\/wp-content\/uploads\/2024\/11\/d-1024x591.png\"},{\"@type\":\"BreadcrumbList\",\"@id\":\"https:\/\/www.tangerport.com\/fr\/vieux-ferry\/#breadcrumb\",\"itemListElement\":[{\"@type\":\"ListItem\",\"position\":1,\"name\":\"Accueil\",\"item\":\"https:\/\/www.tangerport.com\/fr\/\"},{\"@type\":\"ListItem\",\"position\":2,\"name\":\"vieux ferry\"}]},{\"@type\":\"WebSite\",\"@id\":\"https:\/\/www.tangerport.com\/fr\/#website\",\"url\":\"https:\/\/www.tangerport.com\/fr\/\",\"name\":\"Port tanger ville\",\"description\":\"\",\"publisher\":{\"@id\":\"https:\/\/www.tangerport.com\/fr\/#organization\"},\"potentialAction\":[{\"@type\":\"SearchAction\",\"target\":{\"@type\":\"EntryPoint\",\"urlTemplate\":\"https:\/\/www.tangerport.com\/fr\/?s={search_term_string}\"},\"query-input\":{\"@type\":\"PropertyValueSpecification\",\"valueRequired\":true,\"valueName\":\"search_term_string\"}}],\"inLanguage\":\"fr-FR\"},{\"@type\":\"Organization\",\"@id\":\"https:\/\/www.tangerport.com\/fr\/#organization\",\"name\":\"Port tanger ville\",\"url\":\"https:\/\/www.tangerport.com\/fr\/\",\"logo\":{\"@type\":\"ImageObject\",\"inLanguage\":\"fr-FR\",\"@id\":\"https:\/\/www.tangerport.com\/fr\/#\/schema\/logo\/image\/\",\"url\":\"https:\/\/www.tangerport.com\/wp-content\/uploads\/2024\/11\/LOGO-PDV-MANAGEMENT.png\",\"contentUrl\":\"https:\/\/www.tangerport.com\/wp-content\/uploads\/2024\/11\/LOGO-PDV-MANAGEMENT.png\",\"width\":1265,\"height\":628,\"caption\":\"Port tanger ville\"},\"image\":{\"@id\":\"https:\/\/www.tangerport.com\/fr\/#\/schema\/logo\/image\/\"}}]}<\/script>\n<!-- \/ Yoast SEO plugin. -->","yoast_head_json":{"title":"vieux ferry - Port tanger ville","robots":{"index":"index","follow":"follow","max-snippet":"max-snippet:-1","max-image-preview":"max-image-preview:large","max-video-preview":"max-video-preview:-1"},"canonical":"https:\/\/www.tangerport.com\/fr\/vieux-ferry\/","og_locale":"fr_FR","og_type":"article","og_title":"vieux ferry - Port tanger ville","og_description":"D\u00e9couvrez Tanger : L\u00e0 o\u00f9 l&rsquo;histoire rencontre la mer Pr\u00e9sentation La modernisation de la gare maritime a permis d&rsquo;am\u00e9liorer les conditions d&rsquo;accueil et de s\u00e9curit\u00e9 des passagers visitant le Maroc. Situ\u00e9 au c\u0153ur de la ville de Tanger, le port de Tanger ville est reconnu pour ses connexions avec les principaux ports europ\u00e9ens. Sa position strat\u00e9gique est id\u00e9ale pour l&rsquo;arriv\u00e9e au Maroc et pour les excursions dans la r\u00e9gion de Tanger. Caract\u00e9ristiques des postes d&rsquo;amarrage des ferries au port de la ville de Tanger Pour plus d&rsquo;informations, veuillez nous contacter via notre formulaire ou nous joindre par t\u00e9l\u00e9phone. En savoir plus","og_url":"https:\/\/www.tangerport.com\/fr\/vieux-ferry\/","og_site_name":"Port tanger ville","article_modified_time":"2025-04-03T15:45:08+00:00","og_image":[{"width":1024,"height":591,"url":"https:\/\/www.tangerport.com\/wp-content\/uploads\/2024\/11\/d-1024x591.png","type":"image\/png"}],"twitter_card":"summary_large_image","twitter_misc":{"Dur\u00e9e de lecture estim\u00e9e":"1 minute"},"schema":{"@context":"https:\/\/schema.org","@graph":[{"@type":"WebPage","@id":"https:\/\/www.tangerport.com\/fr\/vieux-ferry\/","url":"https:\/\/www.tangerport.com\/fr\/vieux-ferry\/","name":"vieux ferry - Port tanger ville","isPartOf":{"@id":"https:\/\/www.tangerport.com\/fr\/#website"},"primaryImageOfPage":{"@id":"https:\/\/www.tangerport.com\/fr\/vieux-ferry\/#primaryimage"},"image":{"@id":"https:\/\/www.tangerport.com\/fr\/vieux-ferry\/#primaryimage"},"thumbnailUrl":"https:\/\/www.tangerport.com\/wp-content\/uploads\/2024\/11\/d-1024x591.png","datePublished":"2024-11-26T18:31:19+00:00","dateModified":"2025-04-03T15:45:08+00:00","breadcrumb":{"@id":"https:\/\/www.tangerport.com\/fr\/vieux-ferry\/#breadcrumb"},"inLanguage":"fr-FR","potentialAction":[{"@type":"ReadAction","target":["https:\/\/www.tangerport.com\/fr\/vieux-ferry\/"]}]},{"@type":"ImageObject","inLanguage":"fr-FR","@id":"https:\/\/www.tangerport.com\/fr\/vieux-ferry\/#primaryimage","url":"https:\/\/www.tangerport.com\/wp-content\/uploads\/2024\/11\/d-1024x591.png","contentUrl":"https:\/\/www.tangerport.com\/wp-content\/uploads\/2024\/11\/d-1024x591.png"},{"@type":"BreadcrumbList","@id":"https:\/\/www.tangerport.com\/fr\/vieux-ferry\/#breadcrumb","itemListElement":[{"@type":"ListItem","position":1,"name":"Accueil","item":"https:\/\/www.tangerport.com\/fr\/"},{"@type":"ListItem","position":2,"name":"vieux ferry"}]},{"@type":"WebSite","@id":"https:\/\/www.tangerport.com\/fr\/#website","url":"https:\/\/www.tangerport.com\/fr\/","name":"Port tanger ville","description":"","publisher":{"@id":"https:\/\/www.tangerport.com\/fr\/#organization"},"potentialAction":[{"@type":"SearchAction","target":{"@type":"EntryPoint","urlTemplate":"https:\/\/www.tangerport.com\/fr\/?s={search_term_string}"},"query-input":{"@type":"PropertyValueSpecification","valueRequired":true,"valueName":"search_term_string"}}],"inLanguage":"fr-FR"},{"@type":"Organization","@id":"https:\/\/www.tangerport.com\/fr\/#organization","name":"Port tanger ville","url":"https:\/\/www.tangerport.com\/fr\/","logo":{"@type":"ImageObject","inLanguage":"fr-FR","@id":"https:\/\/www.tangerport.com\/fr\/#\/schema\/logo\/image\/","url":"https:\/\/www.tangerport.com\/wp-content\/uploads\/2024\/11\/LOGO-PDV-MANAGEMENT.png","contentUrl":"https:\/\/www.tangerport.com\/wp-content\/uploads\/2024\/11\/LOGO-PDV-MANAGEMENT.png","width":1265,"height":628,"caption":"Port tanger ville"},"image":{"@id":"https:\/\/www.tangerport.com\/fr\/#\/schema\/logo\/image\/"}}]}},"_links":{"self":[{"href":"https:\/\/www.tangerport.com\/fr\/wp-json\/wp\/v2\/pages\/13569","targetHints":{"allow":["GET"]}}],"collection":[{"href":"https:\/\/www.tangerport.com\/fr\/wp-json\/wp\/v2\/pages"}],"about":[{"href":"https:\/\/www.tangerport.com\/fr\/wp-json\/wp\/v2\/types\/page"}],"author":[{"embeddable":true,"href":"https:\/\/www.tangerport.com\/fr\/wp-json\/wp\/v2\/users\/1"}],"replies":[{"embeddable":true,"href":"https:\/\/www.tangerport.com\/fr\/wp-json\/wp\/v2\/comments?post=13569"}],"version-history":[{"count":1,"href":"https:\/\/www.tangerport.com\/fr\/wp-json\/wp\/v2\/pages\/13569\/revisions"}],"predecessor-version":[{"id":13571,"href":"https:\/\/www.tangerport.com\/fr\/wp-json\/wp\/v2\/pages\/13569\/revisions\/13571"}],"wp:attachment":[{"href":"https:\/\/www.tangerport.com\/fr\/wp-json\/wp\/v2\/media?parent=13569"}],"curies":[{"name":"wp","href":"https:\/\/api.w.org\/{rel}","templated":true}]}}